{"id":984,"date":"2022-12-06T07:28:06","date_gmt":"2022-12-06T07:28:06","guid":{"rendered":"http:\/\/googleapps.co.in\/clients\/dvara-conference-2023\/?page_id=984"},"modified":"2023-02-10T12:30:39","modified_gmt":"2023-02-10T12:30:39","slug":"about-cgap","status":"publish","type":"page","link":"https:\/\/dvararesearch.com\/conference-2023\/about-cgap\/","title":{"rendered":"About CGAP"},"content":{"rendered":"\t\t<div data-elementor-type=\"wp-page\" data-elementor-id=\"984\" class=\"elementor elementor-984\">\n\t\t\t\t\t\t\t\t\t<section class=\"elementor-section elementor-top-section elementor-element elementor-element-5bf4001 inner-banner elementor-section-content-middle elementor-section-boxed elementor-section-height-default elementor-section-height-default\" data-id=\"5bf4001\" data-element_type=\"section\" data-settings=\"{&quot;background_background&quot;:&quot;classic&quot;,&quot;background_motion_fx_motion_fx_scrolling&quot;:&quot;yes&quot;,&quot;background_motion_fx_translateY_effect&quot;:&quot;yes&quot;,&quot;background_motion_fx_translateY_speed&quot;:{&quot;unit&quot;:&quot;px&quot;,&quot;size&quot;:8,&quot;sizes&quot;:[]},&quot;background_motion_fx_devices&quot;:[&quot;desktop&quot;,&quot;tablet&quot;],&quot;background_motion_fx_translateY_affectedRange&quot;:{&quot;unit&quot;:&quot;%&quot;,&quot;size&quot;:&quot;&quot;,&quot;sizes&quot;:{&quot;start&quot;:0,&quot;end&quot;:100}}}\">\n\t\t\t\t\t\t\t<div class=\"elementor-background-overlay\"><\/div>\n\t\t\t\t\t\t\t<div class=\"elementor-container elementor-column-gap-default\">\n\t\t\t\t\t<div class=\"elementor-column elementor-col-100 elementor-top-column elementor-element elementor-element-53ba063\" data-id=\"53ba063\" data-element_type=\"column\">\n\t\t\t<div class=\"elementor-widget-wrap elementor-element-populated\">\n\t\t\t\t\t\t\t\t<div class=\"elementor-element elementor-element-73f1ccc remove-break-mob elementor-widget elementor-widget-heading\" data-id=\"73f1ccc\" data-element_type=\"widget\" data-widget_type=\"heading.default\">\n\t\t\t\t<div class=\"elementor-widget-container\">\n\t\t\t<h1 class=\"elementor-heading-title elementor-size-default\">About CGAP<\/h1>\t\t<\/div>\n\t\t\t\t<\/div>\n\t\t\t\t<div class=\"elementor-element elementor-element-58564d1 split-breadcrumbs-y elementor-widget elementor-widget-the7-breadcrumb\" data-id=\"58564d1\" data-element_type=\"widget\" data-widget_type=\"the7-breadcrumb.default\">\n\t\t\t\t<div class=\"elementor-widget-container\">\n\t\t\t<div class=\"assistive-text\">You are here:<\/div><ol class=\"breadcrumbs text-small rcrumbs\" itemscope itemtype=\"https:\/\/schema.org\/BreadcrumbList\"><li itemprop=\"itemListElement\" itemscope itemtype=\"https:\/\/schema.org\/ListItem\"><a itemprop=\"item\" href=\"https:\/\/dvararesearch.com\/conference-2023\/\" title=\"Home\"><span itemprop=\"name\">Home<\/span><\/a><meta itemprop=\"position\" content=\"1\" \/><\/li><li class=\"current\" itemprop=\"itemListElement\" itemscope itemtype=\"https:\/\/schema.org\/ListItem\"><span itemprop=\"name\">Page<\/span><meta itemprop=\"position\" content=\"2\" \/><\/li><\/ol>\t\t<\/div>\n\t\t\t\t<\/div>\n\t\t\t\t<div class=\"elementor-element elementor-element-883baff elementor-widget elementor-widget-text-editor\" data-id=\"883baff\" data-element_type=\"widget\" data-widget_type=\"text-editor.default\">\n\t\t\t\t<div class=\"elementor-widget-container\">\n\t\t\t\t\t\t\t<p>Photo for CGAP by Nicolas R\u00e9m\u00e9n\u00e9 via Communication for Development Ltd<\/p>\t\t\t\t\t\t<\/div>\n\t\t\t\t<\/div>\n\t\t\t\t\t<\/div>\n\t\t<\/div>\n\t\t\t\t\t\t\t<\/div>\n\t\t<\/section>\n\t\t\t\t<section class=\"elementor-section elementor-top-section elementor-element elementor-element-b8d7d4b elementor-section-boxed elementor-section-height-default elementor-section-height-default elementor-invisible\" data-id=\"b8d7d4b\" data-element_type=\"section\" data-settings=\"{&quot;animation&quot;:&quot;fadeInUp&quot;,&quot;background_background&quot;:&quot;classic&quot;}\">\n\t\t\t\t\t\t<div class=\"elementor-container elementor-column-gap-default\">\n\t\t\t\t\t<div class=\"elementor-column elementor-col-66 elementor-top-column elementor-element elementor-element-b033d62\" data-id=\"b033d62\" data-element_type=\"column\">\n\t\t\t<div class=\"elementor-widget-wrap elementor-element-populated\">\n\t\t\t\t\t\t\t\t<div class=\"elementor-element elementor-element-4d3320e elementor-widget elementor-widget-image\" data-id=\"4d3320e\" data-element_type=\"widget\" data-widget_type=\"image.default\">\n\t\t\t\t<div class=\"elementor-widget-container\">\n\t\t\t\t\t\t\t\t\t\t\t\t\t\t\t<img loading=\"lazy\" decoding=\"async\" width=\"250\" height=\"108\" src=\"https:\/\/dvararesearch.com\/conference-2023\/wp-content\/uploads\/2022\/12\/cgap-logo.png\" class=\"attachment-full size-full wp-image-409\" alt=\"CGAP Logo\" \/>\t\t\t\t\t\t\t\t\t\t\t\t\t\t\t<\/div>\n\t\t\t\t<\/div>\n\t\t\t\t<div class=\"elementor-element elementor-element-ea59387 elementor-widget elementor-widget-text-editor\" data-id=\"ea59387\" data-element_type=\"widget\" data-widget_type=\"text-editor.default\">\n\t\t\t\t<div class=\"elementor-widget-container\">\n\t\t\t\t\t\t\t<p>The Consultative Group to Assist the Poor (CGAP) is a global partnership of more than 30 leading development organizations that work to advance poor people\u2019s lives, especially women, through financial inclusion.\u00a0Using\u00a0action-oriented research, we test, learn and share knowledge intended to help build inclusive and responsible financial systems that build resilience and the ability to capture opportunities, protect their economic gains and advance broader development\u00a0goals.\u00a0We research and experiment\u00a0to\u00a0achieve proof of concept and extract lessons that can be built to scale by our partners, who apply our insights\u00a0in the marketplace.<\/p>\t\t\t\t\t\t<\/div>\n\t\t\t\t<\/div>\n\t\t\t\t<div class=\"elementor-element elementor-element-e80b52d elementor-mobile-align-center elementor-widget elementor-widget-button\" data-id=\"e80b52d\" data-element_type=\"widget\" data-widget_type=\"button.default\">\n\t\t\t\t<div class=\"elementor-widget-container\">\n\t\t\t\t\t<div class=\"elementor-button-wrapper\">\n\t\t\t<a href=\"https:\/\/www.cgap.org\/\" target=\"_blank\" class=\"elementor-button-link elementor-button elementor-size-md\" role=\"button\">\n\t\t\t\t\t\t<span class=\"elementor-button-content-wrapper\">\n\t\t\t\t\t\t<span class=\"elementor-button-text\">Visit the Website<\/span>\n\t\t<\/span>\n\t\t\t\t\t<\/a>\n\t\t<\/div>\n\t\t\t\t<\/div>\n\t\t\t\t<\/div>\n\t\t\t\t\t<\/div>\n\t\t<\/div>\n\t\t\t\t<div class=\"elementor-column elementor-col-33 elementor-top-column elementor-element elementor-element-b741b1f\" data-id=\"b741b1f\" data-element_type=\"column\">\n\t\t\t<div class=\"elementor-widget-wrap elementor-element-populated\">\n\t\t\t\t\t\t\t\t<div class=\"elementor-element elementor-element-348843a elementor-invisible elementor-widget elementor-widget-image\" data-id=\"348843a\" data-element_type=\"widget\" data-settings=\"{&quot;_animation&quot;:&quot;fadeInRight&quot;}\" data-widget_type=\"image.default\">\n\t\t\t\t<div class=\"elementor-widget-container\">\n\t\t\t\t\t\t\t\t\t\t\t\t\t\t\t<img loading=\"lazy\" decoding=\"async\" width=\"900\" height=\"1208\" src=\"https:\/\/dvararesearch.com\/conference-2023\/wp-content\/uploads\/2022\/12\/cgap-image2.jpg\" class=\"attachment-full size-full wp-image-1037\" alt=\"About CGAP\" srcset=\"https:\/\/dvararesearch.com\/conference-2023\/wp-content\/uploads\/2022\/12\/cgap-image2.jpg 900w, https:\/\/dvararesearch.com\/conference-2023\/wp-content\/uploads\/2022\/12\/cgap-image2-224x300.jpg 224w, https:\/\/dvararesearch.com\/conference-2023\/wp-content\/uploads\/2022\/12\/cgap-image2-763x1024.jpg 763w, https:\/\/dvararesearch.com\/conference-2023\/wp-content\/uploads\/2022\/12\/cgap-image2-768x1031.jpg 768w\" sizes=\"auto, (max-width: 900px) 100vw, 900px\" \/>\t\t\t\t\t\t\t\t\t\t\t\t\t\t\t<\/div>\n\t\t\t\t<\/div>\n\t\t\t\t\t<\/div>\n\t\t<\/div>\n\t\t\t\t\t\t\t<\/div>\n\t\t<\/section>\n\t\t\t\t<section class=\"elementor-section elementor-top-section elementor-element elementor-element-ab43240 elementor-section-full_width elementor-section-height-default elementor-section-height-default\" data-id=\"ab43240\" data-element_type=\"section\">\n\t\t\t\t\t\t<div class=\"elementor-container elementor-column-gap-no\">\n\t\t\t\t\t<div class=\"elementor-column elementor-col-100 elementor-top-column elementor-element elementor-element-d9a9773\" data-id=\"d9a9773\" data-element_type=\"column\">\n\t\t\t<div class=\"elementor-widget-wrap elementor-element-populated\">\n\t\t\t\t\t\t\t\t<div class=\"elementor-element elementor-element-d0d230a elementor-widget elementor-widget-template\" data-id=\"d0d230a\" data-element_type=\"widget\" data-widget_type=\"template.default\">\n\t\t\t\t<div class=\"elementor-widget-container\">\n\t\t\t\t\t<div class=\"elementor-template\">\n\t\t\t\t\t<div data-elementor-type=\"section\" data-elementor-id=\"2240\" class=\"elementor elementor-2240\">\n\t\t\t\t\t\t\t\t<section class=\"elementor-section elementor-top-section elementor-element elementor-element-b5272a1 elementor-section-content-middle elementor-section-boxed elementor-section-height-default elementor-section-height-default elementor-invisible\" data-id=\"b5272a1\" data-element_type=\"section\" data-settings=\"{&quot;animation&quot;:&quot;fadeInUp&quot;,&quot;background_background&quot;:&quot;classic&quot;,&quot;background_motion_fx_motion_fx_scrolling&quot;:&quot;yes&quot;,&quot;background_motion_fx_translateY_effect&quot;:&quot;yes&quot;,&quot;background_motion_fx_translateY_speed&quot;:{&quot;unit&quot;:&quot;px&quot;,&quot;size&quot;:10,&quot;sizes&quot;:[]},&quot;background_motion_fx_translateY_affectedRange&quot;:{&quot;unit&quot;:&quot;%&quot;,&quot;size&quot;:&quot;&quot;,&quot;sizes&quot;:{&quot;start&quot;:0,&quot;end&quot;:100}},&quot;background_motion_fx_devices&quot;:[&quot;desktop&quot;,&quot;tablet&quot;,&quot;mobile&quot;]}\">\n\t\t\t\t\t\t\t<div class=\"elementor-background-overlay\"><\/div>\n\t\t\t\t\t\t\t<div class=\"elementor-container elementor-column-gap-default\">\n\t\t\t\t\t<div class=\"elementor-column elementor-col-100 elementor-top-column elementor-element elementor-element-6bfe4ec\" data-id=\"6bfe4ec\" data-element_type=\"column\">\n\t\t\t<div class=\"elementor-widget-wrap elementor-element-populated\">\n\t\t\t\t\t\t\t\t<div class=\"elementor-element elementor-element-bde0265 elementor-widget elementor-widget-heading\" data-id=\"bde0265\" data-element_type=\"widget\" data-widget_type=\"heading.default\">\n\t\t\t\t<div class=\"elementor-widget-container\">\n\t\t\t<h2 class=\"elementor-heading-title elementor-size-default\">Have any Queries?<\/h2>\t\t<\/div>\n\t\t\t\t<\/div>\n\t\t\t\t<section class=\"elementor-section elementor-inner-section elementor-element elementor-element-ee922d6 elementor-section-boxed elementor-section-height-default elementor-section-height-default\" data-id=\"ee922d6\" data-element_type=\"section\">\n\t\t\t\t\t\t<div class=\"elementor-container elementor-column-gap-default\">\n\t\t\t\t\t<div class=\"elementor-column elementor-col-25 elementor-inner-column elementor-element elementor-element-e8ef83a\" data-id=\"e8ef83a\" data-element_type=\"column\">\n\t\t\t<div class=\"elementor-widget-wrap\">\n\t\t\t\t\t\t\t\t\t<\/div>\n\t\t<\/div>\n\t\t\t\t<div class=\"elementor-column elementor-col-50 elementor-inner-column elementor-element elementor-element-2a15086\" data-id=\"2a15086\" data-element_type=\"column\">\n\t\t\t<div class=\"elementor-widget-wrap elementor-element-populated\">\n\t\t\t\t\t\t\t\t<div class=\"elementor-element elementor-element-424d5c9 elementor-widget elementor-widget-text-editor\" data-id=\"424d5c9\" data-element_type=\"widget\" data-widget_type=\"text-editor.default\">\n\t\t\t\t<div class=\"elementor-widget-container\">\n\t\t\t\t\t\t\t<p>Reach out to us by sending an email to one of the addresses provided below and we will help you.<\/p>\t\t\t\t\t\t<\/div>\n\t\t\t\t<\/div>\n\t\t\t\t<div class=\"elementor-element elementor-element-4707524 elementor-widget elementor-widget-heading\" data-id=\"4707524\" data-element_type=\"widget\" data-widget_type=\"heading.default\">\n\t\t\t\t<div class=\"elementor-widget-container\">\n\t\t\t<h4 class=\"elementor-heading-title elementor-size-default\"><a href=\"mailto:supriya.saxena@dvara.com\" target=\"_blank\">supriya.saxena@dvara.com<\/a><\/h4>\t\t<\/div>\n\t\t\t\t<\/div>\n\t\t\t\t<div class=\"elementor-element elementor-element-4aae3a9 mar-bot-0 elementor-widget elementor-widget-heading\" data-id=\"4aae3a9\" data-element_type=\"widget\" data-widget_type=\"heading.default\">\n\t\t\t\t<div class=\"elementor-widget-container\">\n\t\t\t<h4 class=\"elementor-heading-title elementor-size-default\"><a href=\"mailto:dwijaraj.b@dvara.com\" target=\"_blank\">dwijaraj.b@dvara.com<\/a><\/h4>\t\t<\/div>\n\t\t\t\t<\/div>\n\t\t\t\t\t<\/div>\n\t\t<\/div>\n\t\t\t\t<div class=\"elementor-column elementor-col-25 elementor-inner-column elementor-element elementor-element-248185a\" data-id=\"248185a\" data-element_type=\"column\">\n\t\t\t<div class=\"elementor-widget-wrap\">\n\t\t\t\t\t\t\t\t\t<\/div>\n\t\t<\/div>\n\t\t\t\t\t\t\t<\/div>\n\t\t<\/section>\n\t\t\t\t\t<\/div>\n\t\t<\/div>\n\t\t\t\t\t\t\t<\/div>\n\t\t<\/section>\n\t\t\t\t\t\t<\/div>\n\t\t\t\t<\/div>\n\t\t\t\t<\/div>\n\t\t\t\t<\/div>\n\t\t\t\t\t<\/div>\n\t\t<\/div>\n\t\t\t\t\t\t\t<\/div>\n\t\t<\/section>\n\t\t\t\t\t\t\t<\/div>\n\t\t","protected":false},"excerpt":{"rendered":"<p>About CGAP You are here: Home Page Photo for CGAP by Nicolas R\u00e9m\u00e9n\u00e9 via Communication for Development Ltd The Consultative Group to Assist the Poor (CGAP) is a global partnership of more than 30 leading development organizations that work to advance poor people\u2019s lives, especially women, through financial inclusion.\u00a0Using\u00a0action-oriented research, we test, learn and share&hellip;<\/p>\n","protected":false},"author":1,"featured_media":0,"parent":0,"menu_order":0,"comment_status":"closed","ping_status":"open","template":"elementor_header_footer","meta":{"footnotes":""},"class_list":["post-984","page","type-page","status-publish","hentry"],"yoast_head":"<!-- This site is optimized with the Yoast SEO plugin v20.2 - https:\/\/yoast.com\/wordpress\/plugins\/seo\/ -->\n<title>About CGAP - Dvara Conference 2023<\/title>\n<meta name=\"robots\" content=\"index, follow, max-snippet:-1, max-image-preview:large, max-video-preview:-1\" \/>\n<link rel=\"canonical\" href=\"https:\/\/dvararesearch.com\/conference-2023\/about-cgap\/\" \/>\n<meta property=\"og:locale\" content=\"en_US\" \/>\n<meta property=\"og:type\" content=\"article\" \/>\n<meta property=\"og:title\" content=\"About CGAP - Dvara Conference 2023\" \/>\n<meta property=\"og:description\" content=\"About CGAP You are here: Home Page Photo for CGAP by Nicolas R\u00e9m\u00e9n\u00e9 via Communication for Development Ltd The Consultative Group to Assist the Poor (CGAP) is a global partnership of more than 30 leading development organizations that work to advance poor people\u2019s lives, especially women, through financial inclusion.\u00a0Using\u00a0action-oriented research, we test, learn and share&hellip;\" \/>\n<meta property=\"og:url\" content=\"https:\/\/dvararesearch.com\/conference-2023\/about-cgap\/\" \/>\n<meta property=\"og:site_name\" content=\"Dvara Conference 2023\" \/>\n<meta property=\"article:modified_time\" content=\"2023-02-10T12:30:39+00:00\" \/>\n<meta property=\"og:image\" content=\"https:\/\/dvararesearch.com\/conference-2023\/wp-content\/uploads\/2022\/12\/cgap-logo.png\" \/>\n<meta name=\"twitter:card\" content=\"summary_large_image\" \/>\n<meta name=\"twitter:site\" content=\"@dvararesearch\" \/>\n<meta name=\"twitter:label1\" content=\"Est. reading time\" \/>\n\t<meta name=\"twitter:data1\" content=\"2 minutes\" \/>\n<script type=\"application\/ld+json\" class=\"yoast-schema-graph\">{\"@context\":\"https:\/\/schema.org\",\"@graph\":[{\"@type\":\"WebPage\",\"@id\":\"https:\/\/dvararesearch.com\/conference-2023\/about-cgap\/\",\"url\":\"https:\/\/dvararesearch.com\/conference-2023\/about-cgap\/\",\"name\":\"About CGAP - Dvara Conference 2023\",\"isPartOf\":{\"@id\":\"https:\/\/dvararesearch.com\/conference-2023\/#website\"},\"datePublished\":\"2022-12-06T07:28:06+00:00\",\"dateModified\":\"2023-02-10T12:30:39+00:00\",\"breadcrumb\":{\"@id\":\"https:\/\/dvararesearch.com\/conference-2023\/about-cgap\/#breadcrumb\"},\"inLanguage\":\"en-US\",\"potentialAction\":[{\"@type\":\"ReadAction\",\"target\":[\"https:\/\/dvararesearch.com\/conference-2023\/about-cgap\/\"]}]},{\"@type\":\"BreadcrumbList\",\"@id\":\"https:\/\/dvararesearch.com\/conference-2023\/about-cgap\/#breadcrumb\",\"itemListElement\":[{\"@type\":\"ListItem\",\"position\":1,\"name\":\"Home\",\"item\":\"https:\/\/dvararesearch.com\/conference-2023\/\"},{\"@type\":\"ListItem\",\"position\":2,\"name\":\"About CGAP\"}]},{\"@type\":\"WebSite\",\"@id\":\"https:\/\/dvararesearch.com\/conference-2023\/#website\",\"url\":\"https:\/\/dvararesearch.com\/conference-2023\/\",\"name\":\"Dvara Conference 2023\",\"description\":\"\",\"publisher\":{\"@id\":\"https:\/\/dvararesearch.com\/conference-2023\/#organization\"},\"potentialAction\":[{\"@type\":\"SearchAction\",\"target\":{\"@type\":\"EntryPoint\",\"urlTemplate\":\"https:\/\/dvararesearch.com\/conference-2023\/?s={search_term_string}\"},\"query-input\":\"required name=search_term_string\"}],\"inLanguage\":\"en-US\"},{\"@type\":\"Organization\",\"@id\":\"https:\/\/dvararesearch.com\/conference-2023\/#organization\",\"name\":\"Dvara Conference 2023\",\"url\":\"https:\/\/dvararesearch.com\/conference-2023\/\",\"logo\":{\"@type\":\"ImageObject\",\"inLanguage\":\"en-US\",\"@id\":\"https:\/\/dvararesearch.com\/conference-2023\/#\/schema\/logo\/image\/\",\"url\":\"https:\/\/dvararesearch.com\/conference-2023\/wp-content\/uploads\/2022\/12\/logo-small-1.png\",\"contentUrl\":\"https:\/\/dvararesearch.com\/conference-2023\/wp-content\/uploads\/2022\/12\/logo-small-1.png\",\"width\":120,\"height\":86,\"caption\":\"Dvara Conference 2023\"},\"image\":{\"@id\":\"https:\/\/dvararesearch.com\/conference-2023\/#\/schema\/logo\/image\/\"},\"sameAs\":[\"https:\/\/twitter.com\/dvararesearch\",\"https:\/\/www.linkedin.com\/company\/dvararesearch\/\"]}]}<\/script>\n<!-- \/ Yoast SEO plugin. -->","yoast_head_json":{"title":"About CGAP - Dvara Conference 2023","robots":{"index":"index","follow":"follow","max-snippet":"max-snippet:-1","max-image-preview":"max-image-preview:large","max-video-preview":"max-video-preview:-1"},"canonical":"https:\/\/dvararesearch.com\/conference-2023\/about-cgap\/","og_locale":"en_US","og_type":"article","og_title":"About CGAP - Dvara Conference 2023","og_description":"About CGAP You are here: Home Page Photo for CGAP by Nicolas R\u00e9m\u00e9n\u00e9 via Communication for Development Ltd The Consultative Group to Assist the Poor (CGAP) is a global partnership of more than 30 leading development organizations that work to advance poor people\u2019s lives, especially women, through financial inclusion.\u00a0Using\u00a0action-oriented research, we test, learn and share&hellip;","og_url":"https:\/\/dvararesearch.com\/conference-2023\/about-cgap\/","og_site_name":"Dvara Conference 2023","article_modified_time":"2023-02-10T12:30:39+00:00","og_image":[{"url":"https:\/\/dvararesearch.com\/conference-2023\/wp-content\/uploads\/2022\/12\/cgap-logo.png"}],"twitter_card":"summary_large_image","twitter_site":"@dvararesearch","twitter_misc":{"Est. reading time":"2 minutes"},"schema":{"@context":"https:\/\/schema.org","@graph":[{"@type":"WebPage","@id":"https:\/\/dvararesearch.com\/conference-2023\/about-cgap\/","url":"https:\/\/dvararesearch.com\/conference-2023\/about-cgap\/","name":"About CGAP - Dvara Conference 2023","isPartOf":{"@id":"https:\/\/dvararesearch.com\/conference-2023\/#website"},"datePublished":"2022-12-06T07:28:06+00:00","dateModified":"2023-02-10T12:30:39+00:00","breadcrumb":{"@id":"https:\/\/dvararesearch.com\/conference-2023\/about-cgap\/#breadcrumb"},"inLanguage":"en-US","potentialAction":[{"@type":"ReadAction","target":["https:\/\/dvararesearch.com\/conference-2023\/about-cgap\/"]}]},{"@type":"BreadcrumbList","@id":"https:\/\/dvararesearch.com\/conference-2023\/about-cgap\/#breadcrumb","itemListElement":[{"@type":"ListItem","position":1,"name":"Home","item":"https:\/\/dvararesearch.com\/conference-2023\/"},{"@type":"ListItem","position":2,"name":"About CGAP"}]},{"@type":"WebSite","@id":"https:\/\/dvararesearch.com\/conference-2023\/#website","url":"https:\/\/dvararesearch.com\/conference-2023\/","name":"Dvara Conference 2023","description":"","publisher":{"@id":"https:\/\/dvararesearch.com\/conference-2023\/#organization"},"potentialAction":[{"@type":"SearchAction","target":{"@type":"EntryPoint","urlTemplate":"https:\/\/dvararesearch.com\/conference-2023\/?s={search_term_string}"},"query-input":"required name=search_term_string"}],"inLanguage":"en-US"},{"@type":"Organization","@id":"https:\/\/dvararesearch.com\/conference-2023\/#organization","name":"Dvara Conference 2023","url":"https:\/\/dvararesearch.com\/conference-2023\/","logo":{"@type":"ImageObject","inLanguage":"en-US","@id":"https:\/\/dvararesearch.com\/conference-2023\/#\/schema\/logo\/image\/","url":"https:\/\/dvararesearch.com\/conference-2023\/wp-content\/uploads\/2022\/12\/logo-small-1.png","contentUrl":"https:\/\/dvararesearch.com\/conference-2023\/wp-content\/uploads\/2022\/12\/logo-small-1.png","width":120,"height":86,"caption":"Dvara Conference 2023"},"image":{"@id":"https:\/\/dvararesearch.com\/conference-2023\/#\/schema\/logo\/image\/"},"sameAs":["https:\/\/twitter.com\/dvararesearch","https:\/\/www.linkedin.com\/company\/dvararesearch\/"]}]}},"_links":{"self":[{"href":"https:\/\/dvararesearch.com\/conference-2023\/wp-json\/wp\/v2\/pages\/984","targetHints":{"allow":["GET"]}}],"collection":[{"href":"https:\/\/dvararesearch.com\/conference-2023\/wp-json\/wp\/v2\/pages"}],"about":[{"href":"https:\/\/dvararesearch.com\/conference-2023\/wp-json\/wp\/v2\/types\/page"}],"author":[{"embeddable":true,"href":"https:\/\/dvararesearch.com\/conference-2023\/wp-json\/wp\/v2\/users\/1"}],"replies":[{"embeddable":true,"href":"https:\/\/dvararesearch.com\/conference-2023\/wp-json\/wp\/v2\/comments?post=984"}],"version-history":[{"count":82,"href":"https:\/\/dvararesearch.com\/conference-2023\/wp-json\/wp\/v2\/pages\/984\/revisions"}],"predecessor-version":[{"id":3865,"href":"https:\/\/dvararesearch.com\/conference-2023\/wp-json\/wp\/v2\/pages\/984\/revisions\/3865"}],"wp:attachment":[{"href":"https:\/\/dvararesearch.com\/conference-2023\/wp-json\/wp\/v2\/media?parent=984"}],"curies":[{"name":"wp","href":"https:\/\/api.w.org\/{rel}","templated":true}]}}